{"id":30,"date":"2018-06-25T09:37:23","date_gmt":"2018-06-25T07:37:23","guid":{"rendered":"http:\/\/neptun-freizeitanlagen.de\/?page_id=30"},"modified":"2025-03-12T10:40:52","modified_gmt":"2025-03-12T09:40:52","slug":"zertifikate","status":"publish","type":"page","link":"https:\/\/neptun-freizeitanlagen.de\/Pool-Sauna-Teich\/zertifikate\/","title":{"rendered":"Zertifikate"},"content":{"rendered":"<hr \/>\n<p>Qualit\u00e4t und Sicherheit wird bei uns gro\u00df geschrieben.<\/p>\n<p>Mit uns kommen Sie in den Genuss einer qualitativ hochwertigen, Ihren W\u00fcnschen entsprechenden und sicheren Freizeitanlage. Um diesen hohen Qualit\u00e4tsanspruch garantieren zu k\u00f6nnen, werden unsere Spezialisten st\u00e4ndig geschult und zertifiziert.<\/p>\n<p>Unser Fachpersonal unterst\u00fctzt Sie auch gern bei der Instandhaltung, Wartung und Pflege Ihrer Wohlf\u00fchl-Oase.<\/p>\n\n\t\t<style type=\"text\/css\">\n\t\t\t#gallery-2 {\n\t\t\t\tmargin: auto;\n\t\t\t}\n\t\t\t#gallery-2 .gallery-item {\n\t\t\t\tfloat: left;\n\t\t\t\tmargin-top: 10px;\n\t\t\t\ttext-align: center;\n\t\t\t\twidth: 25%;\n\t\t\t}\n\t\t\t#gallery-2 img {\n\t\t\t\tborder: 2px solid #cfcfcf;\n\t\t\t}\n\t\t\t#gallery-2 .gallery-caption {\n\t\t\t\tmargin-left: 0;\n\t\t\t}\n\t\t\t\/* see gallery_shortcode() in wp-includes\/media.php *\/\n\t\t<\/style>\n\t\t<div id='gallery-2' class='gallery galleryid-30 gallery-columns-4 gallery-size-medium'><dl class='gallery-item'>\n\t\t\t<dt class='gallery-icon portrait'>\n\t\t\t\t<a href='https:\/\/neptun-freizeitanlagen.de\/Pool-Sauna-Teich\/wp-content\/uploads\/Zertifikat-Zeugnis-Sachkunde-Borchert.jpg'><img loading=\"lazy\" decoding=\"async\" width=\"219\" height=\"300\" src=\"https:\/\/neptun-freizeitanlagen.de\/Pool-Sauna-Teich\/wp-content\/uploads\/Zertifikat-Zeugnis-Sachkunde-Borchert-219x300.jpg\" class=\"attachment-medium size-medium\" alt=\"\" srcset=\"https:\/\/neptun-freizeitanlagen.de\/Pool-Sauna-Teich\/wp-content\/uploads\/Zertifikat-Zeugnis-Sachkunde-Borchert-219x300.jpg 219w, https:\/\/neptun-freizeitanlagen.de\/Pool-Sauna-Teich\/wp-content\/uploads\/Zertifikat-Zeugnis-Sachkunde-Borchert.jpg 438w\" sizes=\"auto, (max-width: 219px) 100vw, 219px\" \/><\/a>\n\t\t\t<\/dt><\/dl><dl class='gallery-item'>\n\t\t\t<dt class='gallery-icon portrait'>\n\t\t\t\t<a href='https:\/\/neptun-freizeitanlagen.de\/Pool-Sauna-Teich\/wp-content\/uploads\/Zertifikat-Zeugnis-Sachkunde.jpg'><img loading=\"lazy\" decoding=\"async\" width=\"219\" height=\"300\" src=\"https:\/\/neptun-freizeitanlagen.de\/Pool-Sauna-Teich\/wp-content\/uploads\/Zertifikat-Zeugnis-Sachkunde-219x300.jpg\" class=\"attachment-medium size-medium\" alt=\"\" srcset=\"https:\/\/neptun-freizeitanlagen.de\/Pool-Sauna-Teich\/wp-content\/uploads\/Zertifikat-Zeugnis-Sachkunde-219x300.jpg 219w, https:\/\/neptun-freizeitanlagen.de\/Pool-Sauna-Teich\/wp-content\/uploads\/Zertifikat-Zeugnis-Sachkunde.jpg 438w\" sizes=\"auto, (max-width: 219px) 100vw, 219px\" \/><\/a>\n\t\t\t<\/dt><\/dl><dl class='gallery-item'>\n\t\t\t<dt class='gallery-icon portrait'>\n\t\t\t\t<a href='https:\/\/neptun-freizeitanlagen.de\/Pool-Sauna-Teich\/wp-content\/uploads\/Zertifikat-Schwimmbadbauerin.jpg'><img loading=\"lazy\" decoding=\"async\" width=\"212\" height=\"300\" src=\"https:\/\/neptun-freizeitanlagen.de\/Pool-Sauna-Teich\/wp-content\/uploads\/Zertifikat-Schwimmbadbauerin-212x300.jpg\" class=\"attachment-medium size-medium\" alt=\"\" srcset=\"https:\/\/neptun-freizeitanlagen.de\/Pool-Sauna-Teich\/wp-content\/uploads\/Zertifikat-Schwimmbadbauerin-212x300.jpg 212w, https:\/\/neptun-freizeitanlagen.de\/Pool-Sauna-Teich\/wp-content\/uploads\/Zertifikat-Schwimmbadbauerin.jpg 424w\" sizes=\"auto, (max-width: 212px) 100vw, 212px\" \/><\/a>\n\t\t\t<\/dt><\/dl><dl class='gallery-item'>\n\t\t\t<dt class='gallery-icon portrait'>\n\t\t\t\t<a href='https:\/\/neptun-freizeitanlagen.de\/Pool-Sauna-Teich\/wp-content\/uploads\/Zertifikat-Schwimmbadbauerin-Zeugnis.jpg'><img loading=\"lazy\" decoding=\"async\" width=\"212\" height=\"300\" src=\"https:\/\/neptun-freizeitanlagen.de\/Pool-Sauna-Teich\/wp-content\/uploads\/Zertifikat-Schwimmbadbauerin-Zeugnis-212x300.jpg\" class=\"attachment-medium size-medium\" alt=\"\" srcset=\"https:\/\/neptun-freizeitanlagen.de\/Pool-Sauna-Teich\/wp-content\/uploads\/Zertifikat-Schwimmbadbauerin-Zeugnis-212x300.jpg 212w, https:\/\/neptun-freizeitanlagen.de\/Pool-Sauna-Teich\/wp-content\/uploads\/Zertifikat-Schwimmbadbauerin-Zeugnis.jpg 424w\" sizes=\"auto, (max-width: 212px) 100vw, 212px\" \/><\/a>\n\t\t\t<\/dt><\/dl><br style=\"clear: both\" \/><dl class='gallery-item'>\n\t\t\t<dt class='gallery-icon portrait'>\n\t\t\t\t<a href='https:\/\/neptun-freizeitanlagen.de\/Pool-Sauna-Teich\/wp-content\/uploads\/Zertifikat-Schwimmbadbauerin-Zeugnis-Borchert.jpg'><img loading=\"lazy\" decoding=\"async\" width=\"219\" height=\"300\" src=\"https:\/\/neptun-freizeitanlagen.de\/Pool-Sauna-Teich\/wp-content\/uploads\/Zertifikat-Schwimmbadbauerin-Zeugnis-Borchert-219x300.jpg\" class=\"attachment-medium size-medium\" alt=\"\" srcset=\"https:\/\/neptun-freizeitanlagen.de\/Pool-Sauna-Teich\/wp-content\/uploads\/Zertifikat-Schwimmbadbauerin-Zeugnis-Borchert-219x300.jpg 219w, https:\/\/neptun-freizeitanlagen.de\/Pool-Sauna-Teich\/wp-content\/uploads\/Zertifikat-Schwimmbadbauerin-Zeugnis-Borchert.jpg 438w\" sizes=\"auto, (max-width: 219px) 100vw, 219px\" \/><\/a>\n\t\t\t<\/dt><\/dl><dl class='gallery-item'>\n\t\t\t<dt class='gallery-icon portrait'>\n\t\t\t\t<a href='https:\/\/neptun-freizeitanlagen.de\/Pool-Sauna-Teich\/wp-content\/uploads\/Zertifikat-Schwimmbadbauer-Borchert.jpg'><img loading=\"lazy\" decoding=\"async\" width=\"219\" height=\"300\" src=\"https:\/\/neptun-freizeitanlagen.de\/Pool-Sauna-Teich\/wp-content\/uploads\/Zertifikat-Schwimmbadbauer-Borchert-219x300.jpg\" class=\"attachment-medium size-medium\" alt=\"\" srcset=\"https:\/\/neptun-freizeitanlagen.de\/Pool-Sauna-Teich\/wp-content\/uploads\/Zertifikat-Schwimmbadbauer-Borchert-219x300.jpg 219w, https:\/\/neptun-freizeitanlagen.de\/Pool-Sauna-Teich\/wp-content\/uploads\/Zertifikat-Schwimmbadbauer-Borchert.jpg 438w\" sizes=\"auto, (max-width: 219px) 100vw, 219px\" \/><\/a>\n\t\t\t<\/dt><\/dl><dl class='gallery-item'>\n\t\t\t<dt class='gallery-icon portrait'>\n\t\t\t\t<a href='https:\/\/neptun-freizeitanlagen.de\/Pool-Sauna-Teich\/wp-content\/uploads\/Zertifikat-ALKOR-Fachverleger-Borchert.jpg'><img loading=\"lazy\" decoding=\"async\" width=\"219\" height=\"300\" src=\"https:\/\/neptun-freizeitanlagen.de\/Pool-Sauna-Teich\/wp-content\/uploads\/Zertifikat-ALKOR-Fachverleger-Borchert-219x300.jpg\" class=\"attachment-medium size-medium\" alt=\"\" srcset=\"https:\/\/neptun-freizeitanlagen.de\/Pool-Sauna-Teich\/wp-content\/uploads\/Zertifikat-ALKOR-Fachverleger-Borchert-219x300.jpg 219w, https:\/\/neptun-freizeitanlagen.de\/Pool-Sauna-Teich\/wp-content\/uploads\/Zertifikat-ALKOR-Fachverleger-Borchert.jpg 437w\" sizes=\"auto, (max-width: 219px) 100vw, 219px\" \/><\/a>\n\t\t\t<\/dt><\/dl>\n\t\t\t<br style='clear: both' \/>\n\t\t<\/div>\n\n","protected":false},"excerpt":{"rendered":"<p>Qualit\u00e4t und Sicherheit wird bei uns gro\u00df geschrieben. Mit uns kommen Sie in den Genuss einer qualitativ hochwertigen, Ihren W\u00fcnschen entsprechenden und sicheren Freizeitanlage. Um diesen hohen Qualit\u00e4tsanspruch garantieren zu k\u00f6nnen, werden unsere Spezialisten st\u00e4ndig geschult und zertifiziert. Unser Fachpersonal unterst\u00fctzt Sie auch gern bei der Instandhaltung, Wartung und Pflege Ihrer Wohlf\u00fchl-Oase.<\/p>\n","protected":false},"author":1,"featured_media":0,"parent":0,"menu_order":80,"comment_status":"closed","ping_status":"closed","template":"","meta":{"footnotes":""},"class_list":["post-30","page","type-page","status-publish","hentry"],"_links":{"self":[{"href":"https:\/\/neptun-freizeitanlagen.de\/Pool-Sauna-Teich\/wp-json\/wp\/v2\/pages\/30","targetHints":{"allow":["GET"]}}],"collection":[{"href":"https:\/\/neptun-freizeitanlagen.de\/Pool-Sauna-Teich\/wp-json\/wp\/v2\/pages"}],"about":[{"href":"https:\/\/neptun-freizeitanlagen.de\/Pool-Sauna-Teich\/wp-json\/wp\/v2\/types\/page"}],"author":[{"embeddable":true,"href":"https:\/\/neptun-freizeitanlagen.de\/Pool-Sauna-Teich\/wp-json\/wp\/v2\/users\/1"}],"replies":[{"embeddable":true,"href":"https:\/\/neptun-freizeitanlagen.de\/Pool-Sauna-Teich\/wp-json\/wp\/v2\/comments?post=30"}],"version-history":[{"count":10,"href":"https:\/\/neptun-freizeitanlagen.de\/Pool-Sauna-Teich\/wp-json\/wp\/v2\/pages\/30\/revisions"}],"predecessor-version":[{"id":508,"href":"https:\/\/neptun-freizeitanlagen.de\/Pool-Sauna-Teich\/wp-json\/wp\/v2\/pages\/30\/revisions\/508"}],"wp:attachment":[{"href":"https:\/\/neptun-freizeitanlagen.de\/Pool-Sauna-Teich\/wp-json\/wp\/v2\/media?parent=30"}],"curies":[{"name":"wp","href":"https:\/\/api.w.org\/{rel}","templated":true}]}}