{"id":20,"date":"2018-06-25T09:32:39","date_gmt":"2018-06-25T07:32:39","guid":{"rendered":"http:\/\/neptun-freizeitanlagen.de\/?page_id=20"},"modified":"2022-07-14T12:48:27","modified_gmt":"2022-07-14T10:48:27","slug":"produkte","status":"publish","type":"page","link":"https:\/\/neptun-freizeitanlagen.de\/Pool-Sauna-Teich\/produkte\/","title":{"rendered":"Produkte von A bis Z"},"content":{"rendered":"<hr \/>\n<h2>f\u00fcr Pool und Sauna<\/h2>\n<p>Es muss nicht immer ein Fachbetrieb sein &#8211; trauen Sie sich selbst einiges zu!<\/p>\n<p>Sowohl f\u00fcr den Bau als auch f\u00fcr einen notwendigen Umbau Ihres bestehenden Pools oder Ihrer Sauna, f\u00fcr Neuanschaffungen und zur Pflege einer Bestandsanlage haben wir sicher das Richtige.<\/p>\n<p>D\u00fcfte und Wellnessprodukte f\u00fcr Ihr ganz pers\u00f6nliches Wohlbefinden finden Sie ebenfalls bei uns. Die ganze Welt von Finnsa steht Ihnen offen &#8211; eine faszinierend gro\u00dfe Auswahl!<\/p>\n<hr \/>\n<h1 style=\"text-align: center;\"><strong>Kataloge 2022<\/strong><\/h1>\n<p style=\"text-align: center;\">Klicken Sie bitte auf die entsprechenden Bilder um die Kataloge zu \u00f6ffnen<\/p>\n\n\t\t<style type=\"text\/css\">\n\t\t\t#gallery-2 {\n\t\t\t\tmargin: auto;\n\t\t\t}\n\t\t\t#gallery-2 .gallery-item {\n\t\t\t\tfloat: left;\n\t\t\t\tmargin-top: 10px;\n\t\t\t\ttext-align: center;\n\t\t\t\twidth: 33%;\n\t\t\t}\n\t\t\t#gallery-2 img {\n\t\t\t\tborder: 2px solid #cfcfcf;\n\t\t\t}\n\t\t\t#gallery-2 .gallery-caption {\n\t\t\t\tmargin-left: 0;\n\t\t\t}\n\t\t\t\/* see gallery_shortcode() in wp-includes\/media.php *\/\n\t\t<\/style>\n\t\t<div id='gallery-2' class='gallery galleryid-20 gallery-columns-3 gallery-size-medium'><dl class='gallery-item'>\n\t\t\t<dt class='gallery-icon landscape'>\n\t\t\t\t<a href=\"https:\/\/neptun-freizeitanlagen.de\/Pool-Sauna-Teich\/katalog-2022-2023-n-wasser\/\" target=\"_blank\" class=\"set-target no-lightbox\"><img loading=\"lazy\" decoding=\"async\" width=\"300\" height=\"212\" src=\"https:\/\/neptun-freizeitanlagen.de\/Pool-Sauna-Teich\/wp-content\/uploads\/Titel-Wasser-300x212.jpg\" class=\"attachment-medium size-medium\" alt=\"\" aria-describedby=\"gallery-2-184\" srcset=\"https:\/\/neptun-freizeitanlagen.de\/Pool-Sauna-Teich\/wp-content\/uploads\/Titel-Wasser-300x212.jpg 300w, https:\/\/neptun-freizeitanlagen.de\/Pool-Sauna-Teich\/wp-content\/uploads\/Titel-Wasser-768x542.jpg 768w, https:\/\/neptun-freizeitanlagen.de\/Pool-Sauna-Teich\/wp-content\/uploads\/Titel-Wasser.jpg 1000w\" sizes=\"auto, (max-width: 300px) 100vw, 300px\" \/><\/a>\n\t\t\t<\/dt>\n\t\t\t\t<dd class='wp-caption-text gallery-caption' id='gallery-2-184'>\n\t\t\t\tWasser &#038; Hygiene Katalog 2022\n\t\t\t\t<\/dd><\/dl><dl class='gallery-item'>\n\t\t\t<dt class='gallery-icon landscape'>\n\t\t\t\t<a href=\"https:\/\/neptun-freizeitanlagen.de\/Pool-Sauna-Teich\/katalog-2022-2023-n-garderobe\/\" target=\"_blank\" class=\"set-target no-lightbox\"><img loading=\"lazy\" decoding=\"async\" width=\"300\" height=\"212\" src=\"https:\/\/neptun-freizeitanlagen.de\/Pool-Sauna-Teich\/wp-content\/uploads\/Titel-Garderobe-300x212.jpg\" class=\"attachment-medium size-medium\" alt=\"\" aria-describedby=\"gallery-2-182\" srcset=\"https:\/\/neptun-freizeitanlagen.de\/Pool-Sauna-Teich\/wp-content\/uploads\/Titel-Garderobe-300x212.jpg 300w, https:\/\/neptun-freizeitanlagen.de\/Pool-Sauna-Teich\/wp-content\/uploads\/Titel-Garderobe-768x542.jpg 768w, https:\/\/neptun-freizeitanlagen.de\/Pool-Sauna-Teich\/wp-content\/uploads\/Titel-Garderobe.jpg 1000w\" sizes=\"auto, (max-width: 300px) 100vw, 300px\" \/><\/a>\n\t\t\t<\/dt>\n\t\t\t\t<dd class='wp-caption-text gallery-caption' id='gallery-2-182'>\n\t\t\t\tGarderobe und Service Katalog 2022\n\t\t\t\t<\/dd><\/dl><dl class='gallery-item'>\n\t\t\t<dt class='gallery-icon landscape'>\n\t\t\t\t<a href=\"https:\/\/neptun-freizeitanlagen.de\/Pool-Sauna-Teich\/katalog-2022-2023-n-warme\/\" target=\"_blank\" class=\"set-target no-lightbox\"><img loading=\"lazy\" decoding=\"async\" width=\"300\" height=\"212\" src=\"https:\/\/neptun-freizeitanlagen.de\/Pool-Sauna-Teich\/wp-content\/uploads\/Titel-W\u00e4rme-300x212.jpg\" class=\"attachment-medium size-medium\" alt=\"\" aria-describedby=\"gallery-2-179\" srcset=\"https:\/\/neptun-freizeitanlagen.de\/Pool-Sauna-Teich\/wp-content\/uploads\/Titel-W\u00e4rme-300x212.jpg 300w, https:\/\/neptun-freizeitanlagen.de\/Pool-Sauna-Teich\/wp-content\/uploads\/Titel-W\u00e4rme-768x542.jpg 768w, https:\/\/neptun-freizeitanlagen.de\/Pool-Sauna-Teich\/wp-content\/uploads\/Titel-W\u00e4rme.jpg 1000w\" sizes=\"auto, (max-width: 300px) 100vw, 300px\" \/><\/a>\n\t\t\t<\/dt>\n\t\t\t\t<dd class='wp-caption-text gallery-caption' id='gallery-2-179'>\n\t\t\t\tW\u00e4rme, Technik und Licht Katalog 2022\n\t\t\t\t<\/dd><\/dl><br style=\"clear: both\" \/><dl class='gallery-item'>\n\t\t\t<dt class='gallery-icon landscape'>\n\t\t\t\t<a href=\"https:\/\/neptun-freizeitanlagen.de\/Pool-Sauna-Teich\/katalog-2022-2023-n-textilien\/\" target=\"_blank\" class=\"set-target no-lightbox\"><img loading=\"lazy\" decoding=\"async\" width=\"300\" height=\"212\" src=\"https:\/\/neptun-freizeitanlagen.de\/Pool-Sauna-Teich\/wp-content\/uploads\/Titel-Textilien-300x212.jpg\" class=\"attachment-medium size-medium\" alt=\"\" aria-describedby=\"gallery-2-176\" srcset=\"https:\/\/neptun-freizeitanlagen.de\/Pool-Sauna-Teich\/wp-content\/uploads\/Titel-Textilien-300x212.jpg 300w, https:\/\/neptun-freizeitanlagen.de\/Pool-Sauna-Teich\/wp-content\/uploads\/Titel-Textilien-768x542.jpg 768w, https:\/\/neptun-freizeitanlagen.de\/Pool-Sauna-Teich\/wp-content\/uploads\/Titel-Textilien.jpg 1000w\" sizes=\"auto, (max-width: 300px) 100vw, 300px\" \/><\/a>\n\t\t\t<\/dt>\n\t\t\t\t<dd class='wp-caption-text gallery-caption' id='gallery-2-176'>\n\t\t\t\tTextilien und Badeschuhe Katalog 2022\n\t\t\t\t<\/dd><\/dl><dl class='gallery-item'>\n\t\t\t<dt class='gallery-icon landscape'>\n\t\t\t\t<a href=\"https:\/\/neptun-freizeitanlagen.de\/Pool-Sauna-Teich\/katalog-2022-2023-n-liegen\/\" target=\"_blank\" class=\"set-target no-lightbox\"><img loading=\"lazy\" decoding=\"async\" width=\"300\" height=\"212\" src=\"https:\/\/neptun-freizeitanlagen.de\/Pool-Sauna-Teich\/wp-content\/uploads\/Titel-Liegen-300x212.jpg\" class=\"attachment-medium size-medium\" alt=\"\" aria-describedby=\"gallery-2-174\" srcset=\"https:\/\/neptun-freizeitanlagen.de\/Pool-Sauna-Teich\/wp-content\/uploads\/Titel-Liegen-300x212.jpg 300w, https:\/\/neptun-freizeitanlagen.de\/Pool-Sauna-Teich\/wp-content\/uploads\/Titel-Liegen-768x542.jpg 768w, https:\/\/neptun-freizeitanlagen.de\/Pool-Sauna-Teich\/wp-content\/uploads\/Titel-Liegen.jpg 1000w\" sizes=\"auto, (max-width: 300px) 100vw, 300px\" \/><\/a>\n\t\t\t<\/dt>\n\t\t\t\t<dd class='wp-caption-text gallery-caption' id='gallery-2-174'>\n\t\t\t\tLiegen Sie richtig?! Katalog 2022\n\t\t\t\t<\/dd><\/dl><dl class='gallery-item'>\n\t\t\t<dt class='gallery-icon landscape'>\n\t\t\t\t<a href=\"https:\/\/neptun-freizeitanlagen.de\/Pool-Sauna-Teich\/katalog-2022-2023-n-bodenbelage\/\" target=\"_blank\" class=\"set-target no-lightbox\"><img loading=\"lazy\" decoding=\"async\" width=\"300\" height=\"212\" src=\"https:\/\/neptun-freizeitanlagen.de\/Pool-Sauna-Teich\/wp-content\/uploads\/Titel-Bodenbel\u00e4ge-300x212.jpg\" class=\"attachment-medium size-medium\" alt=\"\" aria-describedby=\"gallery-2-172\" srcset=\"https:\/\/neptun-freizeitanlagen.de\/Pool-Sauna-Teich\/wp-content\/uploads\/Titel-Bodenbel\u00e4ge-300x212.jpg 300w, https:\/\/neptun-freizeitanlagen.de\/Pool-Sauna-Teich\/wp-content\/uploads\/Titel-Bodenbel\u00e4ge-768x542.jpg 768w, https:\/\/neptun-freizeitanlagen.de\/Pool-Sauna-Teich\/wp-content\/uploads\/Titel-Bodenbel\u00e4ge.jpg 1000w\" sizes=\"auto, (max-width: 300px) 100vw, 300px\" \/><\/a>\n\t\t\t<\/dt>\n\t\t\t\t<dd class='wp-caption-text gallery-caption' id='gallery-2-172'>\n\t\t\t\tSicheres Auftreten mit Finnsa Bodenbel\u00e4gen und Matten Katalog 2022\n\t\t\t\t<\/dd><\/dl><br style=\"clear: both\" \/><dl class='gallery-item'>\n\t\t\t<dt class='gallery-icon landscape'>\n\t\t\t\t<a href=\"https:\/\/neptun-freizeitanlagen.de\/Pool-Sauna-Teich\/katalog-2022-2023-n-wellness\/\" target=\"_blank\" class=\"set-target no-lightbox\"><img loading=\"lazy\" decoding=\"async\" width=\"300\" height=\"212\" src=\"https:\/\/neptun-freizeitanlagen.de\/Pool-Sauna-Teich\/wp-content\/uploads\/Titel-Wellness-300x212.jpg\" class=\"attachment-medium size-medium\" alt=\"\" aria-describedby=\"gallery-2-164\" srcset=\"https:\/\/neptun-freizeitanlagen.de\/Pool-Sauna-Teich\/wp-content\/uploads\/Titel-Wellness-300x212.jpg 300w, https:\/\/neptun-freizeitanlagen.de\/Pool-Sauna-Teich\/wp-content\/uploads\/Titel-Wellness-768x542.jpg 768w, https:\/\/neptun-freizeitanlagen.de\/Pool-Sauna-Teich\/wp-content\/uploads\/Titel-Wellness.jpg 1000w\" sizes=\"auto, (max-width: 300px) 100vw, 300px\" \/><\/a>\n\t\t\t<\/dt>\n\t\t\t\t<dd class='wp-caption-text gallery-caption' id='gallery-2-164'>\n\t\t\t\tWellnessprodukte f\u00fcr den K\u00f6rper Katalog 2022\n\t\t\t\t<\/dd><\/dl><dl class='gallery-item'>\n\t\t\t<dt class='gallery-icon landscape'>\n\t\t\t\t<a href=\"https:\/\/neptun-freizeitanlagen.de\/Pool-Sauna-Teich\/katalog-2022-2023-n-duftwelten\/\" target=\"_blank\" class=\"set-target no-lightbox\"><img loading=\"lazy\" decoding=\"async\" width=\"300\" height=\"212\" src=\"https:\/\/neptun-freizeitanlagen.de\/Pool-Sauna-Teich\/wp-content\/uploads\/Titel-Duftwelten-300x212.jpg\" class=\"attachment-medium size-medium\" alt=\"\" aria-describedby=\"gallery-2-156\" srcset=\"https:\/\/neptun-freizeitanlagen.de\/Pool-Sauna-Teich\/wp-content\/uploads\/Titel-Duftwelten-300x212.jpg 300w, https:\/\/neptun-freizeitanlagen.de\/Pool-Sauna-Teich\/wp-content\/uploads\/Titel-Duftwelten-768x542.jpg 768w, https:\/\/neptun-freizeitanlagen.de\/Pool-Sauna-Teich\/wp-content\/uploads\/Titel-Duftwelten.jpg 1000w\" sizes=\"auto, (max-width: 300px) 100vw, 300px\" \/><\/a>\n\t\t\t<\/dt>\n\t\t\t\t<dd class='wp-caption-text gallery-caption' id='gallery-2-156'>\n\t\t\t\tDuftwelten \u2013 ein Fest f\u00fcr die Sinne Katalog 2022\n\t\t\t\t<\/dd><\/dl><dl class='gallery-item'>\n\t\t\t<dt class='gallery-icon landscape'>\n\t\t\t\t<a href=\"https:\/\/neptun-freizeitanlagen.de\/Pool-Sauna-Teich\/katalog-2022-2023-n-accessoires\/\" target=\"_blank\" class=\"set-target no-lightbox\"><img loading=\"lazy\" decoding=\"async\" width=\"300\" height=\"212\" src=\"https:\/\/neptun-freizeitanlagen.de\/Pool-Sauna-Teich\/wp-content\/uploads\/Titel-Accessories-300x212.jpg\" class=\"attachment-medium size-medium\" alt=\"\" aria-describedby=\"gallery-2-167\" srcset=\"https:\/\/neptun-freizeitanlagen.de\/Pool-Sauna-Teich\/wp-content\/uploads\/Titel-Accessories-300x212.jpg 300w, https:\/\/neptun-freizeitanlagen.de\/Pool-Sauna-Teich\/wp-content\/uploads\/Titel-Accessories-768x542.jpg 768w, https:\/\/neptun-freizeitanlagen.de\/Pool-Sauna-Teich\/wp-content\/uploads\/Titel-Accessories.jpg 1000w\" sizes=\"auto, (max-width: 300px) 100vw, 300px\" \/><\/a>\n\t\t\t<\/dt>\n\t\t\t\t<dd class='wp-caption-text gallery-caption' id='gallery-2-167'>\n\t\t\t\tAccessoires f\u00fcr angenehmes Schwitzen Katalog 2022\n\t\t\t\t<\/dd><\/dl><br style=\"clear: both\" \/><dl class='gallery-item'>\n\t\t\t<dt class='gallery-icon landscape'>\n\t\t\t\t<a href=\"https:\/\/neptun-freizeitanlagen.de\/Pool-Sauna-Teich\/katalog-2022-2023-n-messgerate\/\" target=\"_blank\" class=\"set-target no-lightbox\"><img loading=\"lazy\" decoding=\"async\" width=\"300\" height=\"212\" src=\"https:\/\/neptun-freizeitanlagen.de\/Pool-Sauna-Teich\/wp-content\/uploads\/Titel-Design-Messger\u00e4te-300x212.jpg\" class=\"attachment-medium size-medium\" alt=\"\" aria-describedby=\"gallery-2-170\" srcset=\"https:\/\/neptun-freizeitanlagen.de\/Pool-Sauna-Teich\/wp-content\/uploads\/Titel-Design-Messger\u00e4te-300x212.jpg 300w, https:\/\/neptun-freizeitanlagen.de\/Pool-Sauna-Teich\/wp-content\/uploads\/Titel-Design-Messger\u00e4te-768x542.jpg 768w, https:\/\/neptun-freizeitanlagen.de\/Pool-Sauna-Teich\/wp-content\/uploads\/Titel-Design-Messger\u00e4te.jpg 1000w\" sizes=\"auto, (max-width: 300px) 100vw, 300px\" \/><\/a>\n\t\t\t<\/dt>\n\t\t\t\t<dd class='wp-caption-text gallery-caption' id='gallery-2-170'>\n\t\t\t\tMessger\u00e4te Katalog 2022\n\t\t\t\t<\/dd><\/dl>\n\t\t\t<br style='clear: both' \/>\n\t\t<\/div>\n\n","protected":false},"excerpt":{"rendered":"<p>f\u00fcr Pool und Sauna Es muss nicht immer ein Fachbetrieb sein &#8211; trauen Sie sich selbst einiges zu! Sowohl f\u00fcr den Bau als auch f\u00fcr einen notwendigen Umbau Ihres bestehenden Pools oder Ihrer Sauna, f\u00fcr Neuanschaffungen und zur Pflege einer Bestandsanlage haben wir sicher das Richtige. D\u00fcfte und Wellnessprodukte f\u00fcr Ihr ganz pers\u00f6nliches Wohlbefinden finden <a class=\"more-link\" href=\"https:\/\/neptun-freizeitanlagen.de\/Pool-Sauna-Teich\/produkte\/\">Weiterlesen&#8230;<\/a><\/p>\n","protected":false},"author":1,"featured_media":340,"parent":0,"menu_order":50,"comment_status":"closed","ping_status":"closed","template":"","meta":{"footnotes":""},"class_list":["post-20","page","type-page","status-publish","has-post-thumbnail","hentry"],"_links":{"self":[{"href":"https:\/\/neptun-freizeitanlagen.de\/Pool-Sauna-Teich\/wp-json\/wp\/v2\/pages\/20","targetHints":{"allow":["GET"]}}],"collection":[{"href":"https:\/\/neptun-freizeitanlagen.de\/Pool-Sauna-Teich\/wp-json\/wp\/v2\/pages"}],"about":[{"href":"https:\/\/neptun-freizeitanlagen.de\/Pool-Sauna-Teich\/wp-json\/wp\/v2\/types\/page"}],"author":[{"embeddable":true,"href":"https:\/\/neptun-freizeitanlagen.de\/Pool-Sauna-Teich\/wp-json\/wp\/v2\/users\/1"}],"replies":[{"embeddable":true,"href":"https:\/\/neptun-freizeitanlagen.de\/Pool-Sauna-Teich\/wp-json\/wp\/v2\/comments?post=20"}],"version-history":[{"count":9,"href":"https:\/\/neptun-freizeitanlagen.de\/Pool-Sauna-Teich\/wp-json\/wp\/v2\/pages\/20\/revisions"}],"predecessor-version":[{"id":468,"href":"https:\/\/neptun-freizeitanlagen.de\/Pool-Sauna-Teich\/wp-json\/wp\/v2\/pages\/20\/revisions\/468"}],"wp:featuredmedia":[{"embeddable":true,"href":"https:\/\/neptun-freizeitanlagen.de\/Pool-Sauna-Teich\/wp-json\/wp\/v2\/media\/340"}],"wp:attachment":[{"href":"https:\/\/neptun-freizeitanlagen.de\/Pool-Sauna-Teich\/wp-json\/wp\/v2\/media?parent=20"}],"curies":[{"name":"wp","href":"https:\/\/api.w.org\/{rel}","templated":true}]}}