{"id":18,"date":"2018-06-25T09:31:24","date_gmt":"2018-06-25T07:31:24","guid":{"rendered":"http:\/\/neptun-freizeitanlagen.de\/?page_id=18"},"modified":"2018-07-05T13:53:02","modified_gmt":"2018-07-05T11:53:02","slug":"teich","status":"publish","type":"page","link":"https:\/\/neptun-freizeitanlagen.de\/Pool-Sauna-Teich\/teich\/","title":{"rendered":"Neptun-Teiche"},"content":{"rendered":"<hr \/>\n<h2>Einzigartige Gew\u00e4sser mit vielen M\u00f6glichkeiten.<\/h2>\n<p><strong>Die Varianten sind nahezu unersch\u00f6pflich:<\/strong><\/p>\n<ul>\n<li>Lebensraum f\u00fcr viele Pflanzen und Tierarten<\/li>\n<li>Wasserspeicher<\/li>\n<li>Zuchtgew\u00e4sser f\u00fcr kleine Fische<\/li>\n<li>Erfrischungsgelegenheit an hei\u00dfen Tagen<\/li>\n<li>Schmuck- und Zierteich als\u00a0Versch\u00f6nerung und Belebung Ihres Gartens<\/li>\n<\/ul>\n<p>Diese Entscheidung m\u00fcssen Sie selbst treffen &#8211; wir m\u00f6chten Sie aber gern auf diesem Weg bei den wichtigsten Arbeiten mit Fachverst\u00e4ndnis und Tatkraft unterst\u00fctzen.<\/p>\n<p>Bereits die Vorarbeiten wollen gut durchdacht und auf den sp\u00e4teren Zweck abgestimmt sein. Sprechen Sie uns daher rechtzeitig an. Gern bringen wir uns jederzeit beratend ein. Wir verlegen und verschwei\u00dfen die platzierten Rollenbahnen der Teichfolie. Nach der individuellen Gestaltung der Teichr\u00e4nder und der Teichsohle durch z.B. Steine und Vegetation installieren wir die ben\u00f6tigte Filtertechnik. Fachgerechte Wartungen und Reparaturen f\u00fchren wir selbstverst\u00e4ndlich auch an bestehenden Teichanlagen aus.<\/p>\n<p>Ab hier k\u00f6nnen Sie wohl nur noch eines tun: Hinschauen, Entspannen, Wohlf\u00fchlen.<\/p>\n","protected":false},"excerpt":{"rendered":"<p>Einzigartige Gew\u00e4sser mit vielen M\u00f6glichkeiten. Die Varianten sind nahezu unersch\u00f6pflich: Lebensraum f\u00fcr viele Pflanzen und Tierarten Wasserspeicher Zuchtgew\u00e4sser f\u00fcr kleine Fische Erfrischungsgelegenheit an hei\u00dfen Tagen Schmuck- und Zierteich als\u00a0Versch\u00f6nerung und Belebung Ihres Gartens Diese Entscheidung m\u00fcssen Sie selbst treffen &#8211; wir m\u00f6chten Sie aber gern auf diesem Weg bei den wichtigsten Arbeiten mit Fachverst\u00e4ndnis und <a class=\"more-link\" href=\"https:\/\/neptun-freizeitanlagen.de\/Pool-Sauna-Teich\/teich\/\">Weiterlesen&#8230;<\/a><\/p>\n","protected":false},"author":1,"featured_media":309,"parent":0,"menu_order":40,"comment_status":"closed","ping_status":"closed","template":"","meta":{"footnotes":""},"class_list":["post-18","page","type-page","status-publish","has-post-thumbnail","hentry"],"_links":{"self":[{"href":"https:\/\/neptun-freizeitanlagen.de\/Pool-Sauna-Teich\/wp-json\/wp\/v2\/pages\/18","targetHints":{"allow":["GET"]}}],"collection":[{"href":"https:\/\/neptun-freizeitanlagen.de\/Pool-Sauna-Teich\/wp-json\/wp\/v2\/pages"}],"about":[{"href":"https:\/\/neptun-freizeitanlagen.de\/Pool-Sauna-Teich\/wp-json\/wp\/v2\/types\/page"}],"author":[{"embeddable":true,"href":"https:\/\/neptun-freizeitanlagen.de\/Pool-Sauna-Teich\/wp-json\/wp\/v2\/users\/1"}],"replies":[{"embeddable":true,"href":"https:\/\/neptun-freizeitanlagen.de\/Pool-Sauna-Teich\/wp-json\/wp\/v2\/comments?post=18"}],"version-history":[{"count":8,"href":"https:\/\/neptun-freizeitanlagen.de\/Pool-Sauna-Teich\/wp-json\/wp\/v2\/pages\/18\/revisions"}],"predecessor-version":[{"id":317,"href":"https:\/\/neptun-freizeitanlagen.de\/Pool-Sauna-Teich\/wp-json\/wp\/v2\/pages\/18\/revisions\/317"}],"wp:featuredmedia":[{"embeddable":true,"href":"https:\/\/neptun-freizeitanlagen.de\/Pool-Sauna-Teich\/wp-json\/wp\/v2\/media\/309"}],"wp:attachment":[{"href":"https:\/\/neptun-freizeitanlagen.de\/Pool-Sauna-Teich\/wp-json\/wp\/v2\/media?parent=18"}],"curies":[{"name":"wp","href":"https:\/\/api.w.org\/{rel}","templated":true}]}}