{"id":13,"date":"2018-06-25T09:29:04","date_gmt":"2018-06-25T07:29:04","guid":{"rendered":"http:\/\/neptun-freizeitanlagen.de\/?page_id=13"},"modified":"2021-05-20T09:29:46","modified_gmt":"2021-05-20T07:29:46","slug":"pool","status":"publish","type":"page","link":"https:\/\/neptun-freizeitanlagen.de\/Pool-Sauna-Teich\/pool\/","title":{"rendered":"Neptun-Poolbau"},"content":{"rendered":"<hr \/>\n<h2>Ein Pool, der zu Ihnen passt &#8211;<\/h2>\n<p>diesen bauen wir Ihnen nach umfangreicher Beratung und professioneller Planung sowohl im privaten Bereich aber auch als \u00f6ffentlich zug\u00e4ngliche Anlage. F\u00fcr eventuell notwendig werdende Erd- und Betonarbeiten k\u00f6nnen wir Ihnen kompetente Unternehmen empfehlen.<\/p>\n<p>Als T\u00dcV &#8211; gepr\u00fcfte Poolbauer, sind wir in der Lage Gegenschwimmanlagen in bestehende B\u00e4der einzubauen und Einbauteile zu installieren oder auszutauschen. Allgemeine Beckensanierungen, wie Folieschwei\u00dfarbeiten oder der vollst\u00e4ndige Austausch von Folieinnenh\u00fcllen, geh\u00f6ren zu unseren regelm\u00e4\u00dfigen Arbeiten.<\/p>\n<p>Sie trauen sich handwerklich selbst viel zu? Dann erhalten Sie bei uns f\u00fcr den Eigenbau vorbereitete Baus\u00e4tze und Fertigteilbecken.<\/p>\n<hr \/>\n<p><strong>Zur Komplettierung bieten wir verschiedenste Schwimmbadabdeckungen an:<\/strong><\/p>\n<ul>\n<li>Einfache Planen f\u00fcr die Sommer- bzw. Winterabdeckung<\/li>\n<li>Rollladenabdeckungen<\/li>\n<li>Sicherheitsabdeckungen<\/li>\n<li>Noch hochwertiger sichern Sie mit \u00dcberdachungen in Segmentbauweise die Qualit\u00e4t des Poolwassers<\/li>\n<\/ul>\n<hr \/>\n<p><strong>Eine umfangreiche Palette an Einbautechnik steht ebenfalls zur Verf\u00fcgung:<\/strong><\/p>\n<ul>\n<li>Messen<\/li>\n<li>Regeln<\/li>\n<li>Dosieren<\/li>\n<li>Entfeuchten<\/li>\n<li>Klimaregelung<\/li>\n<\/ul>\n<hr \/>\n<p><strong>F\u00fcr die Erw\u00e4rmung Ihres Schwimmbades bieten wir Ihnen:<\/strong><\/p>\n<ul>\n<li>Solaranlagen<\/li>\n<li>W\u00e4rmepumpen<\/li>\n<li>W\u00e4rmetauscher<\/li>\n<\/ul>\n<p>Professionelle Beratung und Planung ist f\u00fcr uns selbstverst\u00e4ndlich. Nat\u00fcrlich sind wir auch f\u00fcr\u00a0Wasserpflege- und Reinigungsmittel Ihr Ansprechpartner.<\/p>\n","protected":false},"excerpt":{"rendered":"<p>Ein Pool, der zu Ihnen passt &#8211; diesen bauen wir Ihnen nach umfangreicher Beratung und professioneller Planung sowohl im privaten Bereich aber auch als \u00f6ffentlich zug\u00e4ngliche Anlage. F\u00fcr eventuell notwendig werdende Erd- und Betonarbeiten k\u00f6nnen wir Ihnen kompetente Unternehmen empfehlen. Als T\u00dcV &#8211; gepr\u00fcfte Poolbauer, sind wir in der Lage Gegenschwimmanlagen in bestehende B\u00e4der einzubauen <a class=\"more-link\" href=\"https:\/\/neptun-freizeitanlagen.de\/Pool-Sauna-Teich\/pool\/\">Weiterlesen&#8230;<\/a><\/p>\n","protected":false},"author":1,"featured_media":308,"parent":0,"menu_order":20,"comment_status":"closed","ping_status":"closed","template":"","meta":{"footnotes":""},"class_list":["post-13","page","type-page","status-publish","has-post-thumbnail","hentry"],"_links":{"self":[{"href":"https:\/\/neptun-freizeitanlagen.de\/Pool-Sauna-Teich\/wp-json\/wp\/v2\/pages\/13","targetHints":{"allow":["GET"]}}],"collection":[{"href":"https:\/\/neptun-freizeitanlagen.de\/Pool-Sauna-Teich\/wp-json\/wp\/v2\/pages"}],"about":[{"href":"https:\/\/neptun-freizeitanlagen.de\/Pool-Sauna-Teich\/wp-json\/wp\/v2\/types\/page"}],"author":[{"embeddable":true,"href":"https:\/\/neptun-freizeitanlagen.de\/Pool-Sauna-Teich\/wp-json\/wp\/v2\/users\/1"}],"replies":[{"embeddable":true,"href":"https:\/\/neptun-freizeitanlagen.de\/Pool-Sauna-Teich\/wp-json\/wp\/v2\/comments?post=13"}],"version-history":[{"count":10,"href":"https:\/\/neptun-freizeitanlagen.de\/Pool-Sauna-Teich\/wp-json\/wp\/v2\/pages\/13\/revisions"}],"predecessor-version":[{"id":458,"href":"https:\/\/neptun-freizeitanlagen.de\/Pool-Sauna-Teich\/wp-json\/wp\/v2\/pages\/13\/revisions\/458"}],"wp:featuredmedia":[{"embeddable":true,"href":"https:\/\/neptun-freizeitanlagen.de\/Pool-Sauna-Teich\/wp-json\/wp\/v2\/media\/308"}],"wp:attachment":[{"href":"https:\/\/neptun-freizeitanlagen.de\/Pool-Sauna-Teich\/wp-json\/wp\/v2\/media?parent=13"}],"curies":[{"name":"wp","href":"https:\/\/api.w.org\/{rel}","templated":true}]}}